{"id":353,"date":"2025-04-21T03:06:35","date_gmt":"2025-04-21T01:06:35","guid":{"rendered":"https:\/\/www.it-point.com.pl\/?page_id=353"},"modified":"2026-03-12T05:32:46","modified_gmt":"2026-03-12T04:32:46","slug":"kontakt","status":"publish","type":"page","link":"https:\/\/www.it-point.com.pl\/?page_id=353","title":{"rendered":"KONTAKT"},"content":{"rendered":"\n<div class=\"contact-page\">\n  <style>\n    .contact-page {\n      font-family: 'Inter', sans-serif;\n      background: white;\n      padding: 60px 20px;\n      color: #333;\n    }\n\n    .contact-page h1 {\n      text-align: center;\n      font-size: 2.5rem;\n      color: #585656;\n      margin-bottom: 10px;\n    }\n\n    .contact-page p.subtitle {\n      text-align: center;\n      font-size: 1rem;\n      color: #555;\n      margin-bottom: 40px;\n    }\n\n    .contact-flex {\n      display: flex;\n      flex-wrap: wrap;\n      gap: 24px;\n      justify-content: center;\n      max-width: 1100px;\n      margin: 0 auto;\n    }\n\n.contact-container h2 {\n  font-size: 1.5rem;\n  margin-top: 0;\n  margin-bottom: 16px;\n  color: white;\n  text-align: center;\n}\n\n\n    .contact-container,\n    .map-container {\n      flex: 1 1 450px;\n      box-sizing: border-box;\n      background: #00a6f2;\n      padding: 30px;\n      border-radius: 16px;\n      box-shadow: 0 10px 25px rgba(0, 0, 0, 0.05);\n    }\n\n    .contact-form-wrapper {\n      margin-top: 20px;\n    }\n\n    .map-container {\n      background: #00a6f2;\n      color: white;\n    }\n\n    .map-container h2 {\n      font-size: 1.5rem;\n      margin-top: 0;\n      margin-bottom: 16px;\n      color: white;\n      text-align: center;\n    }\n\n    .map-info {\n      margin-top: 16px;\n    }\n\n    .map-info p {\n      margin: 6px 0;\n    }\n\n    .map-info strong {\n      color: white;\n    }\n\n    .map-info a {\n      color: white !important;\n      text-decoration: none;\n    }\n\n.map-info a:hover {\n  color: #585656 !important;\n}\n\n    iframe {\n      width: 100%;\n      height: 250px;\n      border: 3px solid black;\n      border-radius: 8px;\n      filter: grayscale(20%) brightness(95%);\nmargin-bottom: 16px;\nmargin-top: 25px;\n    }\n\n.map-image-wrapper {\n  margin-top: 20px;\n  text-align: center;\n}\n\n.map-image-wrapper img {\n  width: 50%; \/* zmniejszamy zdj\u0119cie wzgl\u0119dem kontenera *\/\n  max-width: 300px; \/* opcjonalnie: ograniczenie maksymalnej szeroko\u015bci *\/\n  border-radius: 8px; \/* zostawiamy zaokr\u0105glenia *\/\n  box-shadow: none; \/* usuwa ramk\u0119\/cie\u0144 *\/\n  display: block;\n  margin: 0 auto;\n}\n\n\n.map-caption {\n  margin-top: 10px;\n  color: white;\n  font-size: 1rem;\n  font-weight: 500;\n}\n\n\n\n\n\n    @media (max-width: 768px) {\n      .contact-page h1 {\n        font-size: 2rem;\n      }\n\n      .contact-container,\n      .map-container {\n        padding: 20px;\n      }\n    }\n  <\/style>\n\n  <h1>Skontaktuj si\u0119<\/h1>\n  <p class=\"subtitle\">Masz pytania? Potrzebujesz wyceny? Jestem do Twojej dyspozycji!<\/p>\n\n  <div class=\"contact-flex\">\n    <div class=\"contact-container\">\n<h2>Formularz kontaktowy<\/h2>\n      <div class=\"contact-form-wrapper\">\n        \n<div class=\"wpcf7 no-js\" id=\"wpcf7-f4-o1\" lang=\"pl-PL\" dir=\"ltr\" data-wpcf7-id=\"4\">\n<div class=\"screen-reader-response\"><p role=\"status\" aria-live=\"polite\" aria-atomic=\"true\"><\/p> <ul><\/ul><\/div>\n<form action=\"\/index.php?rest_route=%2Fwp%2Fv2%2Fpages%2F353#wpcf7-f4-o1\" method=\"post\" class=\"wpcf7-form init\" aria-label=\"Formularz kontaktowy\" novalidate=\"novalidate\" data-status=\"init\">\n<fieldset class=\"hidden-fields-container\"><input type=\"hidden\" name=\"_wpcf7\" value=\"4\" \/><input type=\"hidden\" name=\"_wpcf7_version\" value=\"6.1.5\" \/><input type=\"hidden\" name=\"_wpcf7_locale\" value=\"pl_PL\" \/><input type=\"hidden\" name=\"_wpcf7_unit_tag\" value=\"wpcf7-f4-o1\" \/><input type=\"hidden\" name=\"_wpcf7_container_post\" value=\"0\" \/><input type=\"hidden\" name=\"_wpcf7_posted_data_hash\" value=\"\" \/>\n<\/fieldset>\n<p>Imi\u0119 i nazwisko (wymagane)<br \/>\n<span class=\"wpcf7-form-control-wrap\" data-name=\"your-name\"><input size=\"40\" maxlength=\"400\" class=\"wpcf7-form-control wpcf7-text wpcf7-validates-as-required\" aria-required=\"true\" aria-invalid=\"false\" value=\"\" type=\"text\" name=\"your-name\" \/><\/span>\n<\/p>\n<p>Adres email (wymagany)<br \/>\n<span class=\"wpcf7-form-control-wrap\" data-name=\"your-email\"><input size=\"40\" maxlength=\"400\" class=\"wpcf7-form-control wpcf7-email wpcf7-validates-as-required wpcf7-text wpcf7-validates-as-email\" aria-required=\"true\" aria-invalid=\"false\" value=\"\" type=\"email\" name=\"your-email\" \/><\/span>\n<\/p>\n<p>Temat<br \/>\n<span class=\"wpcf7-form-control-wrap\" data-name=\"your-subject\"><input size=\"40\" maxlength=\"400\" class=\"wpcf7-form-control wpcf7-text\" aria-invalid=\"false\" value=\"\" type=\"text\" name=\"your-subject\" \/><\/span>\n<\/p>\n<p>Wiadomo\u015b\u0107<br \/>\n<span class=\"wpcf7-form-control-wrap\" data-name=\"your-message\"><textarea cols=\"40\" rows=\"10\" maxlength=\"2000\" class=\"wpcf7-form-control wpcf7-textarea\" aria-invalid=\"false\" name=\"your-message\"><\/textarea><\/span>\n<\/p>\n<p>Telefon<br \/>\n<span class=\"wpcf7-form-control-wrap\" data-name=\"telefon\"><input size=\"40\" maxlength=\"12\" minlength=\"1\" class=\"wpcf7-form-control wpcf7-tel wpcf7-text wpcf7-validates-as-tel\" autocomplete=\"tel\" aria-invalid=\"false\" value=\"\" type=\"tel\" name=\"telefon\" \/><\/span>\n<\/p>\n<p><input class=\"wpcf7-form-control wpcf7-submit has-spinner\" type=\"submit\" value=\"Wy\u015blij\" \/>\n<\/p><div class=\"wpcf7-response-output\" aria-hidden=\"true\"><\/div>\n<\/form>\n<\/div>\n\n      <\/div>\n    <\/div>\n\n    <div class=\"map-container\">\n      <h2>Lokalizacja IT-Point<\/h2>\n\n      <iframe \n        src=\"https:\/\/www.google.com\/maps\/embed?pb=!1m18!1m12!1m3!1d2565.5949461122627!2d18.4381365!3d49.981454299999996!2m3!1f0!2f0!3f0!3m2!1i1024!2i768!4f13.1!3m3!1m2!1s0x2a8de85e1ec95d83%3A0xf600a743264cc467!2sIT-Point%20%7C%20Serwis%20kompterowy!5e0!3m2!1spl!2spl!4v1745261044548!5m2!1spl!2spl\" \n        loading=\"lazy\" \n        referrerpolicy=\"no-referrer-when-downgrade\">\n      <\/iframe>\n      <div class=\"map-info\">\n        <p><strong>\ud83d\udccd<\/strong> ul. T\u0119czowa 27, 44-300 Wodzis\u0142aw \u015al\u0105ski<\/p>\n        <p><strong>\ud83d\udcde<\/strong> <a href=\"tel:+48577593084\">+48 577 593 084<\/a><\/p>\n        <p><strong>\u2709\ufe0f<\/strong> <a href=\"mailto:serwis@it-point.com.pl\">serwis@it-point.com.pl<\/a><\/p>\n        <p><strong>\ud83d\udd52<\/strong> Pon\u2013Pt: 7:00\u201318:00<\/p>\n      <\/div>\n\n<div class=\"map-image-wrapper\">\n  <img decoding=\"async\" src=\"https:\/\/www.it-point.com.pl\/wp-content\/uploads\/2025\/04\/MAPA_Rybnicki-Powiat.png\" alt=\"Zdj\u0119cie serwisu IT-Point\" \/>\n\n  <p class=\"map-caption\"><strong>Dojazd na terenie ca\u0142ego Powiatu Rybnickiego<\/strong<\/p>\n<\/div>\n\n\n\n\n    <\/div>\n  <\/div>\n<\/div>\n","protected":false},"excerpt":{"rendered":"<p>Skontaktuj si\u0119 Masz pytania? Potrzebujesz wyceny? Jestem do Twojej dyspozycji! Formularz kontaktowy Lokalizacja IT-Point \ud83d\udccd ul. T\u0119czowa 27, 44-300 Wodzis\u0142aw \u015al\u0105ski \ud83d\udcde +48 577 593 084 \u2709\ufe0f serwis@it-point.com.pl \ud83d\udd52 Pon\u2013Pt: &hellip; <\/p>\n","protected":false},"author":2,"featured_media":0,"parent":0,"menu_order":0,"comment_status":"closed","ping_status":"closed","template":"","meta":{"footnotes":""},"class_list":["post-353","page","type-page","status-publish","hentry"],"yoast_head":"<!-- This site is optimized with the Yoast SEO plugin v27.1.1 - https:\/\/yoast.com\/product\/yoast-seo-wordpress\/ -->\n<title>KONTAKT - IT-Point<\/title>\n<meta name=\"robots\" content=\"index, follow, max-snippet:-1, max-image-preview:large, max-video-preview:-1\" \/>\n<link rel=\"canonical\" href=\"https:\/\/www.it-point.com.pl\/?page_id=353\" \/>\n<meta property=\"og:locale\" content=\"pl_PL\" \/>\n<meta property=\"og:type\" content=\"article\" \/>\n<meta property=\"og:title\" content=\"KONTAKT - IT-Point\" \/>\n<meta property=\"og:description\" content=\"Skontaktuj si\u0119 Masz pytania? Potrzebujesz wyceny? Jestem do Twojej dyspozycji! Formularz kontaktowy Lokalizacja IT-Point \ud83d\udccd ul. T\u0119czowa 27, 44-300 Wodzis\u0142aw \u015al\u0105ski \ud83d\udcde +48 577 593 084 \u2709\ufe0f serwis@it-point.com.pl \ud83d\udd52 Pon\u2013Pt: &hellip;\" \/>\n<meta property=\"og:url\" content=\"https:\/\/www.it-point.com.pl\/?page_id=353\" \/>\n<meta property=\"og:site_name\" content=\"IT-Point\" \/>\n<meta property=\"article:modified_time\" content=\"2026-03-12T04:32:46+00:00\" \/>\n<meta property=\"og:image\" content=\"https:\/\/www.it-point.com.pl\/wp-content\/uploads\/2025\/04\/MAPA_Rybnicki-Powiat.png\" \/>\n<meta name=\"twitter:card\" content=\"summary_large_image\" \/>\n<meta name=\"twitter:label1\" content=\"Szacowany czas czytania\" \/>\n\t<meta name=\"twitter:data1\" content=\"1 minuta\" \/>\n<script type=\"application\/ld+json\" class=\"yoast-schema-graph\">{\"@context\":\"https:\/\/schema.org\",\"@graph\":[{\"@type\":\"WebPage\",\"@id\":\"https:\/\/www.it-point.com.pl\/?page_id=353\",\"url\":\"https:\/\/www.it-point.com.pl\/?page_id=353\",\"name\":\"KONTAKT - IT-Point\",\"isPartOf\":{\"@id\":\"https:\/\/www.it-point.com.pl\/#website\"},\"primaryImageOfPage\":{\"@id\":\"https:\/\/www.it-point.com.pl\/?page_id=353#primaryimage\"},\"image\":{\"@id\":\"https:\/\/www.it-point.com.pl\/?page_id=353#primaryimage\"},\"thumbnailUrl\":\"https:\/\/www.it-point.com.pl\/wp-content\/uploads\/2025\/04\/MAPA_Rybnicki-Powiat.png\",\"datePublished\":\"2025-04-21T01:06:35+00:00\",\"dateModified\":\"2026-03-12T04:32:46+00:00\",\"breadcrumb\":{\"@id\":\"https:\/\/www.it-point.com.pl\/?page_id=353#breadcrumb\"},\"inLanguage\":\"pl-PL\",\"potentialAction\":[{\"@type\":\"ReadAction\",\"target\":[\"https:\/\/www.it-point.com.pl\/?page_id=353\"]}]},{\"@type\":\"ImageObject\",\"inLanguage\":\"pl-PL\",\"@id\":\"https:\/\/www.it-point.com.pl\/?page_id=353#primaryimage\",\"url\":\"https:\/\/www.it-point.com.pl\/wp-content\/uploads\/2025\/04\/MAPA_Rybnicki-Powiat.png\",\"contentUrl\":\"https:\/\/www.it-point.com.pl\/wp-content\/uploads\/2025\/04\/MAPA_Rybnicki-Powiat.png\",\"width\":625,\"height\":438},{\"@type\":\"BreadcrumbList\",\"@id\":\"https:\/\/www.it-point.com.pl\/?page_id=353#breadcrumb\",\"itemListElement\":[{\"@type\":\"ListItem\",\"position\":1,\"name\":\"Home\",\"item\":\"https:\/\/www.it-point.com.pl\/\"},{\"@type\":\"ListItem\",\"position\":2,\"name\":\"KONTAKT\"}]},{\"@type\":\"WebSite\",\"@id\":\"https:\/\/www.it-point.com.pl\/#website\",\"url\":\"https:\/\/www.it-point.com.pl\/\",\"name\":\"IT-Point\",\"description\":\"Tw\u00f3j punkt pewnej pomocy informatycznej\",\"publisher\":{\"@id\":\"https:\/\/www.it-point.com.pl\/#organization\"},\"potentialAction\":[{\"@type\":\"SearchAction\",\"target\":{\"@type\":\"EntryPoint\",\"urlTemplate\":\"https:\/\/www.it-point.com.pl\/?s={search_term_string}\"},\"query-input\":{\"@type\":\"PropertyValueSpecification\",\"valueRequired\":true,\"valueName\":\"search_term_string\"}}],\"inLanguage\":\"pl-PL\"},{\"@type\":\"Organization\",\"@id\":\"https:\/\/www.it-point.com.pl\/#organization\",\"name\":\"IT-Point\",\"url\":\"https:\/\/www.it-point.com.pl\/\",\"logo\":{\"@type\":\"ImageObject\",\"inLanguage\":\"pl-PL\",\"@id\":\"https:\/\/www.it-point.com.pl\/#\/schema\/logo\/image\/\",\"url\":\"https:\/\/www.it-point.com.pl\/wp-content\/uploads\/2025\/04\/sadsa.png\",\"contentUrl\":\"https:\/\/www.it-point.com.pl\/wp-content\/uploads\/2025\/04\/sadsa.png\",\"width\":112,\"height\":112,\"caption\":\"IT-Point\"},\"image\":{\"@id\":\"https:\/\/www.it-point.com.pl\/#\/schema\/logo\/image\/\"}}]}<\/script>\n<!-- \/ Yoast SEO plugin. -->","yoast_head_json":{"title":"KONTAKT - IT-Point","robots":{"index":"index","follow":"follow","max-snippet":"max-snippet:-1","max-image-preview":"max-image-preview:large","max-video-preview":"max-video-preview:-1"},"canonical":"https:\/\/www.it-point.com.pl\/?page_id=353","og_locale":"pl_PL","og_type":"article","og_title":"KONTAKT - IT-Point","og_description":"Skontaktuj si\u0119 Masz pytania? Potrzebujesz wyceny? Jestem do Twojej dyspozycji! Formularz kontaktowy Lokalizacja IT-Point \ud83d\udccd ul. T\u0119czowa 27, 44-300 Wodzis\u0142aw \u015al\u0105ski \ud83d\udcde +48 577 593 084 \u2709\ufe0f serwis@it-point.com.pl \ud83d\udd52 Pon\u2013Pt: &hellip;","og_url":"https:\/\/www.it-point.com.pl\/?page_id=353","og_site_name":"IT-Point","article_modified_time":"2026-03-12T04:32:46+00:00","og_image":[{"url":"https:\/\/www.it-point.com.pl\/wp-content\/uploads\/2025\/04\/MAPA_Rybnicki-Powiat.png","type":"","width":"","height":""}],"twitter_card":"summary_large_image","twitter_misc":{"Szacowany czas czytania":"1 minuta"},"schema":{"@context":"https:\/\/schema.org","@graph":[{"@type":"WebPage","@id":"https:\/\/www.it-point.com.pl\/?page_id=353","url":"https:\/\/www.it-point.com.pl\/?page_id=353","name":"KONTAKT - IT-Point","isPartOf":{"@id":"https:\/\/www.it-point.com.pl\/#website"},"primaryImageOfPage":{"@id":"https:\/\/www.it-point.com.pl\/?page_id=353#primaryimage"},"image":{"@id":"https:\/\/www.it-point.com.pl\/?page_id=353#primaryimage"},"thumbnailUrl":"https:\/\/www.it-point.com.pl\/wp-content\/uploads\/2025\/04\/MAPA_Rybnicki-Powiat.png","datePublished":"2025-04-21T01:06:35+00:00","dateModified":"2026-03-12T04:32:46+00:00","breadcrumb":{"@id":"https:\/\/www.it-point.com.pl\/?page_id=353#breadcrumb"},"inLanguage":"pl-PL","potentialAction":[{"@type":"ReadAction","target":["https:\/\/www.it-point.com.pl\/?page_id=353"]}]},{"@type":"ImageObject","inLanguage":"pl-PL","@id":"https:\/\/www.it-point.com.pl\/?page_id=353#primaryimage","url":"https:\/\/www.it-point.com.pl\/wp-content\/uploads\/2025\/04\/MAPA_Rybnicki-Powiat.png","contentUrl":"https:\/\/www.it-point.com.pl\/wp-content\/uploads\/2025\/04\/MAPA_Rybnicki-Powiat.png","width":625,"height":438},{"@type":"BreadcrumbList","@id":"https:\/\/www.it-point.com.pl\/?page_id=353#breadcrumb","itemListElement":[{"@type":"ListItem","position":1,"name":"Home","item":"https:\/\/www.it-point.com.pl\/"},{"@type":"ListItem","position":2,"name":"KONTAKT"}]},{"@type":"WebSite","@id":"https:\/\/www.it-point.com.pl\/#website","url":"https:\/\/www.it-point.com.pl\/","name":"IT-Point","description":"Tw\u00f3j punkt pewnej pomocy informatycznej","publisher":{"@id":"https:\/\/www.it-point.com.pl\/#organization"},"potentialAction":[{"@type":"SearchAction","target":{"@type":"EntryPoint","urlTemplate":"https:\/\/www.it-point.com.pl\/?s={search_term_string}"},"query-input":{"@type":"PropertyValueSpecification","valueRequired":true,"valueName":"search_term_string"}}],"inLanguage":"pl-PL"},{"@type":"Organization","@id":"https:\/\/www.it-point.com.pl\/#organization","name":"IT-Point","url":"https:\/\/www.it-point.com.pl\/","logo":{"@type":"ImageObject","inLanguage":"pl-PL","@id":"https:\/\/www.it-point.com.pl\/#\/schema\/logo\/image\/","url":"https:\/\/www.it-point.com.pl\/wp-content\/uploads\/2025\/04\/sadsa.png","contentUrl":"https:\/\/www.it-point.com.pl\/wp-content\/uploads\/2025\/04\/sadsa.png","width":112,"height":112,"caption":"IT-Point"},"image":{"@id":"https:\/\/www.it-point.com.pl\/#\/schema\/logo\/image\/"}}]}},"_links":{"self":[{"href":"https:\/\/www.it-point.com.pl\/index.php?rest_route=\/wp\/v2\/pages\/353","targetHints":{"allow":["GET"]}}],"collection":[{"href":"https:\/\/www.it-point.com.pl\/index.php?rest_route=\/wp\/v2\/pages"}],"about":[{"href":"https:\/\/www.it-point.com.pl\/index.php?rest_route=\/wp\/v2\/types\/page"}],"author":[{"embeddable":true,"href":"https:\/\/www.it-point.com.pl\/index.php?rest_route=\/wp\/v2\/users\/2"}],"replies":[{"embeddable":true,"href":"https:\/\/www.it-point.com.pl\/index.php?rest_route=%2Fwp%2Fv2%2Fcomments&post=353"}],"version-history":[{"count":61,"href":"https:\/\/www.it-point.com.pl\/index.php?rest_route=\/wp\/v2\/pages\/353\/revisions"}],"predecessor-version":[{"id":575,"href":"https:\/\/www.it-point.com.pl\/index.php?rest_route=\/wp\/v2\/pages\/353\/revisions\/575"}],"wp:attachment":[{"href":"https:\/\/www.it-point.com.pl\/index.php?rest_route=%2Fwp%2Fv2%2Fmedia&parent=353"}],"curies":[{"name":"wp","href":"https:\/\/api.w.org\/{rel}","templated":true}]}}